{"id":2206,"date":"2016-04-25T14:13:45","date_gmt":"2016-04-25T12:13:45","guid":{"rendered":"https:\/\/www.campingdekleineschorre.nl\/de\/?page_id=2206"},"modified":"2016-04-26T17:11:18","modified_gmt":"2016-04-26T15:11:18","slug":"2206-2","status":"publish","type":"page","link":"https:\/\/www.campingdekleineschorre.nl\/de\/2206-2\/","title":{"rendered":"360\u00b0-Ansicht des Hofladens"},"content":{"rendered":"<h1>360\u00b0-Ansicht des\u00a0Hofladens<\/h1>\n<p><iframe loading=\"lazy\" src=\"https:\/\/www.campingdekleineschorre.nl\/360_winkel2\/winkel-dekleineschorre.html\" width=\"587px\" height=\"480px\" frameborder=\"0\" scrolling=\"no\"><\/iframe><br \/>\n<em>Klicken Sie auf das Bild und bewegen Sie die Maus \u00fcber das Foto f\u00fcr einen Rundum-Blick durch unseren Laden. <\/em><br \/>\nZur\u00fcck zur Startseite:\u00a0&#8216;<a title=\"Wijnhoeve de Kleine Schorre\" href=\"http:\/\/www.dekleineschorre.nl\">Startseite<\/a>&#8216; oder\u00a0&#8216;<a title=\"Bezoek de Wijnhoeve\" href=\"https:\/\/www.campingdekleineschorre.nl\/bezoek-de-wijnhoeve\">Besuchen Sie das Weingut<\/a>&#8216;.<\/p>\n","protected":false},"excerpt":{"rendered":"<p>360\u00b0-Ansicht des\u00a0Hofladens Klicken Sie auf das Bild und bewegen Sie die Maus \u00fcber das Foto f\u00fcr einen Rundum-Blick durch unseren Laden. Zur\u00fcck zur Startseite:\u00a0&#8216;Startseite&#8216; oder\u00a0&#8216;Besuchen Sie das Weingut&#8216;.<\/p>\n","protected":false},"author":6,"featured_media":0,"parent":0,"menu_order":0,"comment_status":"closed","ping_status":"closed","template":"","meta":{"_acf_changed":false,"footnotes":""},"class_list":["post-2206","page","type-page","status-publish","hentry"],"acf":[],"yoast_head":"<!-- This site is optimized with the Yoast SEO plugin v26.3 - https:\/\/yoast.com\/wordpress\/plugins\/seo\/ -->\n<title>360\u00b0-Ansicht des Hofladens - Camping de Kleine Schorre<\/title>\n<meta name=\"robots\" content=\"index, follow, max-snippet:-1, max-image-preview:large, max-video-preview:-1\" \/>\n<link rel=\"canonical\" href=\"https:\/\/www.campingdekleineschorre.nl\/de\/2206-2\/\" \/>\n<meta property=\"og:locale\" content=\"de_DE\" \/>\n<meta property=\"og:type\" content=\"article\" \/>\n<meta property=\"og:title\" content=\"360\u00b0-Ansicht des Hofladens - Camping de Kleine Schorre\" \/>\n<meta property=\"og:description\" content=\"360\u00b0-Ansicht des\u00a0Hofladens Klicken Sie auf das Bild und bewegen Sie die Maus \u00fcber das Foto f\u00fcr einen Rundum-Blick durch unseren Laden. Zur\u00fcck zur Startseite:\u00a0&#8216;Startseite&#8216; oder\u00a0&#8216;Besuchen Sie das Weingut&#8216;.\" \/>\n<meta property=\"og:url\" content=\"https:\/\/www.campingdekleineschorre.nl\/de\/2206-2\/\" \/>\n<meta property=\"og:site_name\" content=\"Camping de Kleine Schorre\" \/>\n<meta property=\"article:modified_time\" content=\"2016-04-26T15:11:18+00:00\" \/>\n<script type=\"application\/ld+json\" class=\"yoast-schema-graph\">{\"@context\":\"https:\/\/schema.org\",\"@graph\":[{\"@type\":\"WebPage\",\"@id\":\"https:\/\/www.campingdekleineschorre.nl\/de\/2206-2\/\",\"url\":\"https:\/\/www.campingdekleineschorre.nl\/de\/2206-2\/\",\"name\":\"360\u00b0-Ansicht des Hofladens - Camping de Kleine Schorre\",\"isPartOf\":{\"@id\":\"https:\/\/www.campingdekleineschorre.nl\/de\/#website\"},\"datePublished\":\"2016-04-25T12:13:45+00:00\",\"dateModified\":\"2016-04-26T15:11:18+00:00\",\"breadcrumb\":{\"@id\":\"https:\/\/www.campingdekleineschorre.nl\/de\/2206-2\/#breadcrumb\"},\"inLanguage\":\"de-DE\",\"potentialAction\":[{\"@type\":\"ReadAction\",\"target\":[\"https:\/\/www.campingdekleineschorre.nl\/de\/2206-2\/\"]}]},{\"@type\":\"BreadcrumbList\",\"@id\":\"https:\/\/www.campingdekleineschorre.nl\/de\/2206-2\/#breadcrumb\",\"itemListElement\":[{\"@type\":\"ListItem\",\"position\":1,\"name\":\"Home\",\"item\":\"https:\/\/www.campingdekleineschorre.nl\/de\/\"},{\"@type\":\"ListItem\",\"position\":2,\"name\":\"360\u00b0-Ansicht des Hofladens\"}]},{\"@type\":\"WebSite\",\"@id\":\"https:\/\/www.campingdekleineschorre.nl\/de\/#website\",\"url\":\"https:\/\/www.campingdekleineschorre.nl\/de\/\",\"name\":\"Camping de Kleine Schorre\",\"description\":\"\",\"potentialAction\":[{\"@type\":\"SearchAction\",\"target\":{\"@type\":\"EntryPoint\",\"urlTemplate\":\"https:\/\/www.campingdekleineschorre.nl\/de\/?s={search_term_string}\"},\"query-input\":{\"@type\":\"PropertyValueSpecification\",\"valueRequired\":true,\"valueName\":\"search_term_string\"}}],\"inLanguage\":\"de-DE\"}]}<\/script>\n<!-- \/ Yoast SEO plugin. -->","yoast_head_json":{"title":"360\u00b0-Ansicht des Hofladens - Camping de Kleine Schorre","robots":{"index":"index","follow":"follow","max-snippet":"max-snippet:-1","max-image-preview":"max-image-preview:large","max-video-preview":"max-video-preview:-1"},"canonical":"https:\/\/www.campingdekleineschorre.nl\/de\/2206-2\/","og_locale":"de_DE","og_type":"article","og_title":"360\u00b0-Ansicht des Hofladens - Camping de Kleine Schorre","og_description":"360\u00b0-Ansicht des\u00a0Hofladens Klicken Sie auf das Bild und bewegen Sie die Maus \u00fcber das Foto f\u00fcr einen Rundum-Blick durch unseren Laden. Zur\u00fcck zur Startseite:\u00a0&#8216;Startseite&#8216; oder\u00a0&#8216;Besuchen Sie das Weingut&#8216;.","og_url":"https:\/\/www.campingdekleineschorre.nl\/de\/2206-2\/","og_site_name":"Camping de Kleine Schorre","article_modified_time":"2016-04-26T15:11:18+00:00","schema":{"@context":"https:\/\/schema.org","@graph":[{"@type":"WebPage","@id":"https:\/\/www.campingdekleineschorre.nl\/de\/2206-2\/","url":"https:\/\/www.campingdekleineschorre.nl\/de\/2206-2\/","name":"360\u00b0-Ansicht des Hofladens - Camping de Kleine Schorre","isPartOf":{"@id":"https:\/\/www.campingdekleineschorre.nl\/de\/#website"},"datePublished":"2016-04-25T12:13:45+00:00","dateModified":"2016-04-26T15:11:18+00:00","breadcrumb":{"@id":"https:\/\/www.campingdekleineschorre.nl\/de\/2206-2\/#breadcrumb"},"inLanguage":"de-DE","potentialAction":[{"@type":"ReadAction","target":["https:\/\/www.campingdekleineschorre.nl\/de\/2206-2\/"]}]},{"@type":"BreadcrumbList","@id":"https:\/\/www.campingdekleineschorre.nl\/de\/2206-2\/#breadcrumb","itemListElement":[{"@type":"ListItem","position":1,"name":"Home","item":"https:\/\/www.campingdekleineschorre.nl\/de\/"},{"@type":"ListItem","position":2,"name":"360\u00b0-Ansicht des Hofladens"}]},{"@type":"WebSite","@id":"https:\/\/www.campingdekleineschorre.nl\/de\/#website","url":"https:\/\/www.campingdekleineschorre.nl\/de\/","name":"Camping de Kleine Schorre","description":"","potentialAction":[{"@type":"SearchAction","target":{"@type":"EntryPoint","urlTemplate":"https:\/\/www.campingdekleineschorre.nl\/de\/?s={search_term_string}"},"query-input":{"@type":"PropertyValueSpecification","valueRequired":true,"valueName":"search_term_string"}}],"inLanguage":"de-DE"}]}},"_links":{"self":[{"href":"https:\/\/www.campingdekleineschorre.nl\/de\/wp-json\/wp\/v2\/pages\/2206","targetHints":{"allow":["GET"]}}],"collection":[{"href":"https:\/\/www.campingdekleineschorre.nl\/de\/wp-json\/wp\/v2\/pages"}],"about":[{"href":"https:\/\/www.campingdekleineschorre.nl\/de\/wp-json\/wp\/v2\/types\/page"}],"author":[{"embeddable":true,"href":"https:\/\/www.campingdekleineschorre.nl\/de\/wp-json\/wp\/v2\/users\/6"}],"replies":[{"embeddable":true,"href":"https:\/\/www.campingdekleineschorre.nl\/de\/wp-json\/wp\/v2\/comments?post=2206"}],"version-history":[{"count":0,"href":"https:\/\/www.campingdekleineschorre.nl\/de\/wp-json\/wp\/v2\/pages\/2206\/revisions"}],"wp:attachment":[{"href":"https:\/\/www.campingdekleineschorre.nl\/de\/wp-json\/wp\/v2\/media?parent=2206"}],"curies":[{"name":"wp","href":"https:\/\/api.w.org\/{rel}","templated":true}]}}