{"id":15,"date":"2014-06-12T04:45:35","date_gmt":"2014-06-12T04:45:35","guid":{"rendered":"http:\/\/dekleineschorre.nl\/dev\/voorbeeld-pagina-2"},"modified":"2021-05-04T12:19:01","modified_gmt":"2021-05-04T10:19:01","slug":"voorbeeld-pagina","status":"publish","type":"page","link":"https:\/\/www.campingdekleineschorre.nl\/de\/","title":{"rendered":"Home"},"content":{"rendered":"<h1>Wilkommen bei campingdekleineschorre.nl<\/h1>\n<p>Mitten auf der pr\u00e4chtigen ehemaligen Insel Schouwen-Duiveland finden Sie unseren Campingplatz und das Weingut &#8220;De kleine Schorre&#8221;. Wir bieten ger\u00e4umige Stehpl\u00e4tze von 165 m2 mit Stromanschluss (16 Ampere) und Kabel TV-Anschluss.<\/p>\n<p>Der Campingplatz befindet sich neben einem der gr\u00f6\u00dften Weinberge der Niederlande. Sie k\u00f6nnen von der<br \/>\nCamping zum Verkostungsraum und zum Laden. Oder folgen Sie dem informativen Wanderweg durch den Weinberg.<\/p>\n<p>Der Campingplatz ist ideal zum Radfahren, Wandern und Tauchen gelegen. Es gibt auch mehrere historische St\u00e4dte in unmittelbarer N\u00e4he, die mehr als einen Besuch wert sind. Beginnend mit dem Sch\u00f6nen Das Dorf Dreischor, aber auch Brouwershaven und Zierikzee zum Beispiel sind sehr lohnenswert.<\/p>\n","protected":false},"excerpt":{"rendered":"<p>Wilkommen bei campingdekleineschorre.nl Mitten auf der pr\u00e4chtigen ehemaligen Insel Schouwen-Duiveland finden Sie unseren Campingplatz und das Weingut &#8220;De kleine Schorre&#8221;. Wir bieten ger\u00e4umige Stehpl\u00e4tze von 165 m2 mit Stromanschluss (16 Ampere) und Kabel TV-Anschluss. Der Campingplatz befindet sich neben einem der gr\u00f6\u00dften Weinberge der Niederlande. Sie k\u00f6nnen von der Camping zum Verkostungsraum und zum Laden. [&hellip;]<\/p>\n","protected":false},"author":6,"featured_media":3459,"parent":0,"menu_order":10,"comment_status":"closed","ping_status":"closed","template":"","meta":{"_acf_changed":false,"footnotes":""},"class_list":["post-15","page","type-page","status-publish","has-post-thumbnail","hentry"],"acf":[],"yoast_head":"<!-- This site is optimized with the Yoast SEO plugin v26.3 - https:\/\/yoast.com\/wordpress\/plugins\/seo\/ -->\n<title>Home - Camping de Kleine Schorre<\/title>\n<meta name=\"robots\" content=\"index, follow, max-snippet:-1, max-image-preview:large, max-video-preview:-1\" \/>\n<link rel=\"canonical\" href=\"https:\/\/www.campingdekleineschorre.nl\/de\/\" \/>\n<meta property=\"og:locale\" content=\"de_DE\" \/>\n<meta property=\"og:type\" content=\"article\" \/>\n<meta property=\"og:title\" content=\"Home - Camping de Kleine Schorre\" \/>\n<meta property=\"og:description\" content=\"Wilkommen bei campingdekleineschorre.nl Mitten auf der pr\u00e4chtigen ehemaligen Insel Schouwen-Duiveland finden Sie unseren Campingplatz und das Weingut &#8220;De kleine Schorre&#8221;. Wir bieten ger\u00e4umige Stehpl\u00e4tze von 165 m2 mit Stromanschluss (16 Ampere) und Kabel TV-Anschluss. Der Campingplatz befindet sich neben einem der gr\u00f6\u00dften Weinberge der Niederlande. Sie k\u00f6nnen von der Camping zum Verkostungsraum und zum Laden. [&hellip;]\" \/>\n<meta property=\"og:url\" content=\"https:\/\/www.campingdekleineschorre.nl\/de\/\" \/>\n<meta property=\"og:site_name\" content=\"Camping de Kleine Schorre\" \/>\n<meta property=\"article:modified_time\" content=\"2021-05-04T10:19:01+00:00\" \/>\n<meta property=\"og:image\" content=\"https:\/\/www.campingdekleineschorre.nl\/app\/uploads\/camping-de-kleine-schorre-2.jpg\" \/>\n\t<meta property=\"og:image:width\" content=\"2000\" \/>\n\t<meta property=\"og:image:height\" content=\"616\" \/>\n\t<meta property=\"og:image:type\" content=\"image\/jpeg\" \/>\n<meta name=\"twitter:label1\" content=\"Est. reading time\" \/>\n\t<meta name=\"twitter:data1\" content=\"1 minute\" \/>\n<script type=\"application\/ld+json\" class=\"yoast-schema-graph\">{\"@context\":\"https:\/\/schema.org\",\"@graph\":[{\"@type\":\"WebPage\",\"@id\":\"https:\/\/www.campingdekleineschorre.nl\/de\/\",\"url\":\"https:\/\/www.campingdekleineschorre.nl\/de\/\",\"name\":\"Home - Camping de Kleine Schorre\",\"isPartOf\":{\"@id\":\"https:\/\/www.campingdekleineschorre.nl\/de\/#website\"},\"primaryImageOfPage\":{\"@id\":\"https:\/\/www.campingdekleineschorre.nl\/de\/#primaryimage\"},\"image\":{\"@id\":\"https:\/\/www.campingdekleineschorre.nl\/de\/#primaryimage\"},\"thumbnailUrl\":\"https:\/\/www.campingdekleineschorre.nl\/app\/uploads\/camping-de-kleine-schorre-2.jpg\",\"datePublished\":\"2014-06-12T04:45:35+00:00\",\"dateModified\":\"2021-05-04T10:19:01+00:00\",\"breadcrumb\":{\"@id\":\"https:\/\/www.campingdekleineschorre.nl\/de\/#breadcrumb\"},\"inLanguage\":\"de-DE\",\"potentialAction\":[{\"@type\":\"ReadAction\",\"target\":[\"https:\/\/www.campingdekleineschorre.nl\/de\/\"]}]},{\"@type\":\"ImageObject\",\"inLanguage\":\"de-DE\",\"@id\":\"https:\/\/www.campingdekleineschorre.nl\/de\/#primaryimage\",\"url\":\"https:\/\/www.campingdekleineschorre.nl\/app\/uploads\/camping-de-kleine-schorre-2.jpg\",\"contentUrl\":\"https:\/\/www.campingdekleineschorre.nl\/app\/uploads\/camping-de-kleine-schorre-2.jpg\",\"width\":2000,\"height\":616},{\"@type\":\"BreadcrumbList\",\"@id\":\"https:\/\/www.campingdekleineschorre.nl\/de\/#breadcrumb\",\"itemListElement\":[{\"@type\":\"ListItem\",\"position\":1,\"name\":\"Home\",\"item\":\"https:\/\/www.campingdekleineschorre.nl\/de\/\"},{\"@type\":\"ListItem\",\"position\":2,\"name\":\"Home\"}]},{\"@type\":\"WebSite\",\"@id\":\"https:\/\/www.campingdekleineschorre.nl\/de\/#website\",\"url\":\"https:\/\/www.campingdekleineschorre.nl\/de\/\",\"name\":\"Camping de Kleine Schorre\",\"description\":\"\",\"potentialAction\":[{\"@type\":\"SearchAction\",\"target\":{\"@type\":\"EntryPoint\",\"urlTemplate\":\"https:\/\/www.campingdekleineschorre.nl\/de\/?s={search_term_string}\"},\"query-input\":{\"@type\":\"PropertyValueSpecification\",\"valueRequired\":true,\"valueName\":\"search_term_string\"}}],\"inLanguage\":\"de-DE\"}]}<\/script>\n<!-- \/ Yoast SEO plugin. -->","yoast_head_json":{"title":"Home - Camping de Kleine Schorre","robots":{"index":"index","follow":"follow","max-snippet":"max-snippet:-1","max-image-preview":"max-image-preview:large","max-video-preview":"max-video-preview:-1"},"canonical":"https:\/\/www.campingdekleineschorre.nl\/de\/","og_locale":"de_DE","og_type":"article","og_title":"Home - Camping de Kleine Schorre","og_description":"Wilkommen bei campingdekleineschorre.nl Mitten auf der pr\u00e4chtigen ehemaligen Insel Schouwen-Duiveland finden Sie unseren Campingplatz und das Weingut &#8220;De kleine Schorre&#8221;. Wir bieten ger\u00e4umige Stehpl\u00e4tze von 165 m2 mit Stromanschluss (16 Ampere) und Kabel TV-Anschluss. Der Campingplatz befindet sich neben einem der gr\u00f6\u00dften Weinberge der Niederlande. Sie k\u00f6nnen von der Camping zum Verkostungsraum und zum Laden. [&hellip;]","og_url":"https:\/\/www.campingdekleineschorre.nl\/de\/","og_site_name":"Camping de Kleine Schorre","article_modified_time":"2021-05-04T10:19:01+00:00","og_image":[{"width":2000,"height":616,"url":"https:\/\/www.campingdekleineschorre.nl\/app\/uploads\/camping-de-kleine-schorre-2.jpg","type":"image\/jpeg"}],"twitter_misc":{"Est. reading time":"1 minute"},"schema":{"@context":"https:\/\/schema.org","@graph":[{"@type":"WebPage","@id":"https:\/\/www.campingdekleineschorre.nl\/de\/","url":"https:\/\/www.campingdekleineschorre.nl\/de\/","name":"Home - Camping de Kleine Schorre","isPartOf":{"@id":"https:\/\/www.campingdekleineschorre.nl\/de\/#website"},"primaryImageOfPage":{"@id":"https:\/\/www.campingdekleineschorre.nl\/de\/#primaryimage"},"image":{"@id":"https:\/\/www.campingdekleineschorre.nl\/de\/#primaryimage"},"thumbnailUrl":"https:\/\/www.campingdekleineschorre.nl\/app\/uploads\/camping-de-kleine-schorre-2.jpg","datePublished":"2014-06-12T04:45:35+00:00","dateModified":"2021-05-04T10:19:01+00:00","breadcrumb":{"@id":"https:\/\/www.campingdekleineschorre.nl\/de\/#breadcrumb"},"inLanguage":"de-DE","potentialAction":[{"@type":"ReadAction","target":["https:\/\/www.campingdekleineschorre.nl\/de\/"]}]},{"@type":"ImageObject","inLanguage":"de-DE","@id":"https:\/\/www.campingdekleineschorre.nl\/de\/#primaryimage","url":"https:\/\/www.campingdekleineschorre.nl\/app\/uploads\/camping-de-kleine-schorre-2.jpg","contentUrl":"https:\/\/www.campingdekleineschorre.nl\/app\/uploads\/camping-de-kleine-schorre-2.jpg","width":2000,"height":616},{"@type":"BreadcrumbList","@id":"https:\/\/www.campingdekleineschorre.nl\/de\/#breadcrumb","itemListElement":[{"@type":"ListItem","position":1,"name":"Home","item":"https:\/\/www.campingdekleineschorre.nl\/de\/"},{"@type":"ListItem","position":2,"name":"Home"}]},{"@type":"WebSite","@id":"https:\/\/www.campingdekleineschorre.nl\/de\/#website","url":"https:\/\/www.campingdekleineschorre.nl\/de\/","name":"Camping de Kleine Schorre","description":"","potentialAction":[{"@type":"SearchAction","target":{"@type":"EntryPoint","urlTemplate":"https:\/\/www.campingdekleineschorre.nl\/de\/?s={search_term_string}"},"query-input":{"@type":"PropertyValueSpecification","valueRequired":true,"valueName":"search_term_string"}}],"inLanguage":"de-DE"}]}},"_links":{"self":[{"href":"https:\/\/www.campingdekleineschorre.nl\/de\/wp-json\/wp\/v2\/pages\/15","targetHints":{"allow":["GET"]}}],"collection":[{"href":"https:\/\/www.campingdekleineschorre.nl\/de\/wp-json\/wp\/v2\/pages"}],"about":[{"href":"https:\/\/www.campingdekleineschorre.nl\/de\/wp-json\/wp\/v2\/types\/page"}],"author":[{"embeddable":true,"href":"https:\/\/www.campingdekleineschorre.nl\/de\/wp-json\/wp\/v2\/users\/6"}],"replies":[{"embeddable":true,"href":"https:\/\/www.campingdekleineschorre.nl\/de\/wp-json\/wp\/v2\/comments?post=15"}],"version-history":[{"count":4,"href":"https:\/\/www.campingdekleineschorre.nl\/de\/wp-json\/wp\/v2\/pages\/15\/revisions"}],"predecessor-version":[{"id":3515,"href":"https:\/\/www.campingdekleineschorre.nl\/de\/wp-json\/wp\/v2\/pages\/15\/revisions\/3515"}],"wp:featuredmedia":[{"embeddable":true,"href":"https:\/\/www.campingdekleineschorre.nl\/de\/wp-json\/wp\/v2\/media\/3459"}],"wp:attachment":[{"href":"https:\/\/www.campingdekleineschorre.nl\/de\/wp-json\/wp\/v2\/media?parent=15"}],"curies":[{"name":"wp","href":"https:\/\/api.w.org\/{rel}","templated":true}]}}