{"id":147,"date":"2014-06-12T11:47:52","date_gmt":"2014-06-12T09:47:52","guid":{"rendered":"http:\/\/dekleineschorre.nl\/dev\/?page_id=147"},"modified":"2021-04-14T15:47:47","modified_gmt":"2021-04-14T13:47:47","slug":"camping","status":"publish","type":"page","link":"https:\/\/www.campingdekleineschorre.nl\/de\/camping\/","title":{"rendered":"Einrichtungen"},"content":{"rendered":"<h1>Einrichtungen<\/h1>\n<h1>Entdecke Schouwen-Duiveland vom gr\u00fcnsten Dorf Europas aus: Dreischor<\/h1>\n<p>Die Vorteile dieses campings sind:<\/p>\n<ul>\n<li>Gro\u00dfe Stellpl\u00e4tze:<br \/>\nAlle Stellpl\u00e4tze sind 165 m2 gro\u00df, autofrei und ausgestattet mit Anschl\u00fcssen f\u00fcr Wasser, Abwasser, Strom und Kabelfernsehen<\/li>\n<li>&#8220;Eigene digitale TV-Verbindung. Bringen Sie Ihren eigenen Decoder mit &#8220;<\/li>\n<li>Kostenloses Glas Wein Ihrer Wahl<\/li>\n<li>Verbindung zum Wander- und Radwegenetz. Direktes Wandern und Radfahren in der Natur.<\/li>\n<li>Einkaufszentrum und verschiedene historische St\u00e4dte nur wenige Kilometer entfernt<\/li>\n<li>Dar\u00fcber hinaus hat der Campingplatz moderne sanit\u00e4re Einrichtungen (Behindertengerecht)<\/li>\n<li>Es gibt eine gro\u00dfen Spielwiese mit Trampolin<\/li>\n<li>Ein sch\u00f6ner Hofladen mit nachhaltig angebauten (lokalen) Produkten<\/li>\n<li>Ruhige Umgebung<\/li>\n<li>Zentral gelegen auf Schouwen-Duiveland<\/li>\n<li>eigener Verkostungsraum mit Terrasse, Weinprobe, Fr\u00fchst\u00fcck, Mittag- und Abendessen (auf Reservierung)<\/li>\n<li>Zentral gelegen in Schouwen-Duiveland.<\/li>\n<\/ul>\n\n\t\t<style type=\"text\/css\">\n\t\t\t#gallery-1 {\n\t\t\t\tmargin: auto;\n\t\t\t}\n\t\t\t#gallery-1 .gallery-item {\n\t\t\t\tfloat: left;\n\t\t\t\tmargin-top: 10px;\n\t\t\t\ttext-align: center;\n\t\t\t\twidth: 33%;\n\t\t\t}\n\t\t\t#gallery-1 img {\n\t\t\t\tborder: 2px solid #cfcfcf;\n\t\t\t}\n\t\t\t#gallery-1 .gallery-caption {\n\t\t\t\tmargin-left: 0;\n\t\t\t}\n\t\t\t\/* see gallery_shortcode() in wp-includes\/media.php *\/\n\t\t<\/style>\n\t\t<div id='gallery-1' class='gallery galleryid-147 gallery-columns-3 gallery-size-thumbnail'><dl class='gallery-item'>\n\t\t\t<dt class='gallery-icon landscape'>\n\t\t\t\t<a href='https:\/\/www.campingdekleineschorre.nl\/app\/uploads\/fietsendekinderen.jpg'><img loading=\"lazy\" decoding=\"async\" width=\"150\" height=\"150\" src=\"https:\/\/www.campingdekleineschorre.nl\/app\/uploads\/fietsendekinderen-150x150.jpg\" class=\"attachment-thumbnail size-thumbnail\" alt=\"\" \/><\/a>\n\t\t\t<\/dt><\/dl><dl class='gallery-item'>\n\t\t\t<dt class='gallery-icon landscape'>\n\t\t\t\t<a href='https:\/\/www.campingdekleineschorre.nl\/app\/uploads\/sanitairgebouw-2.jpg'><img loading=\"lazy\" decoding=\"async\" width=\"150\" height=\"150\" src=\"https:\/\/www.campingdekleineschorre.nl\/app\/uploads\/sanitairgebouw-2-150x150.jpg\" class=\"attachment-thumbnail size-thumbnail\" alt=\"\" \/><\/a>\n\t\t\t<\/dt><\/dl><dl class='gallery-item'>\n\t\t\t<dt class='gallery-icon landscape'>\n\t\t\t\t<a href='https:\/\/www.campingdekleineschorre.nl\/app\/uploads\/camping-dreischor-001.jpg'><img loading=\"lazy\" decoding=\"async\" width=\"150\" height=\"150\" src=\"https:\/\/www.campingdekleineschorre.nl\/app\/uploads\/camping-dreischor-001-150x150.jpg\" class=\"attachment-thumbnail size-thumbnail\" alt=\"\" \/><\/a>\n\t\t\t<\/dt><\/dl><br style=\"clear: both\" \/><dl class='gallery-item'>\n\t\t\t<dt class='gallery-icon landscape'>\n\t\t\t\t<a href='https:\/\/www.campingdekleineschorre.nl\/app\/uploads\/boerderijwinkel-de-kleine-schorre-002-t.jpg'><img loading=\"lazy\" decoding=\"async\" width=\"150\" height=\"150\" src=\"https:\/\/www.campingdekleineschorre.nl\/app\/uploads\/boerderijwinkel-de-kleine-schorre-002-t-150x150.jpg\" class=\"attachment-thumbnail size-thumbnail\" alt=\"\" \/><\/a>\n\t\t\t<\/dt><\/dl><dl class='gallery-item'>\n\t\t\t<dt class='gallery-icon landscape'>\n\t\t\t\t<a href='https:\/\/www.campingdekleineschorre.nl\/app\/uploads\/boerderijwinkel-de-kleine-schorre-001-t.jpg'><img loading=\"lazy\" decoding=\"async\" width=\"150\" height=\"150\" src=\"https:\/\/www.campingdekleineschorre.nl\/app\/uploads\/boerderijwinkel-de-kleine-schorre-001-t-150x150.jpg\" class=\"attachment-thumbnail size-thumbnail\" alt=\"\" \/><\/a>\n\t\t\t<\/dt><\/dl><dl class='gallery-item'>\n\t\t\t<dt class='gallery-icon landscape'>\n\t\t\t\t<a href='https:\/\/www.campingdekleineschorre.nl\/app\/uploads\/proeflokaal-de-kleine-schorre-002-t.jpg'><img loading=\"lazy\" decoding=\"async\" width=\"150\" height=\"150\" src=\"https:\/\/www.campingdekleineschorre.nl\/app\/uploads\/proeflokaal-de-kleine-schorre-002-t-150x150.jpg\" class=\"attachment-thumbnail size-thumbnail\" alt=\"\" \/><\/a>\n\t\t\t<\/dt><\/dl><br style=\"clear: both\" \/><dl class='gallery-item'>\n\t\t\t<dt class='gallery-icon landscape'>\n\t\t\t\t<a href='https:\/\/www.campingdekleineschorre.nl\/app\/uploads\/proeflokaal-de-kleine-schorre-001-t.jpg'><img loading=\"lazy\" decoding=\"async\" width=\"150\" height=\"150\" src=\"https:\/\/www.campingdekleineschorre.nl\/app\/uploads\/proeflokaal-de-kleine-schorre-001-t-150x150.jpg\" class=\"attachment-thumbnail size-thumbnail\" alt=\"\" \/><\/a>\n\t\t\t<\/dt><\/dl>\n\t\t\t<br style='clear: both' \/>\n\t\t<\/div>\n\n","protected":false},"excerpt":{"rendered":"<p>Einrichtungen Entdecke Schouwen-Duiveland vom gr\u00fcnsten Dorf Europas aus: Dreischor Die Vorteile dieses campings sind: Gro\u00dfe Stellpl\u00e4tze: Alle Stellpl\u00e4tze sind 165 m2 gro\u00df, autofrei und ausgestattet mit Anschl\u00fcssen f\u00fcr Wasser, Abwasser, Strom und Kabelfernsehen &#8220;Eigene digitale TV-Verbindung. Bringen Sie Ihren eigenen Decoder mit &#8220; Kostenloses Glas Wein Ihrer Wahl Verbindung zum Wander- und Radwegenetz. Direktes Wandern [&hellip;]<\/p>\n","protected":false},"author":2,"featured_media":3466,"parent":0,"menu_order":0,"comment_status":"closed","ping_status":"closed","template":"","meta":{"_acf_changed":false,"footnotes":""},"class_list":["post-147","page","type-page","status-publish","has-post-thumbnail","hentry"],"acf":[],"yoast_head":"<!-- This site is optimized with the Yoast SEO plugin v26.3 - https:\/\/yoast.com\/wordpress\/plugins\/seo\/ -->\n<title>Einrichtungen - Camping de Kleine Schorre<\/title>\n<meta name=\"robots\" content=\"index, follow, max-snippet:-1, max-image-preview:large, max-video-preview:-1\" \/>\n<link rel=\"canonical\" href=\"https:\/\/www.campingdekleineschorre.nl\/de\/camping\/\" \/>\n<meta property=\"og:locale\" content=\"de_DE\" \/>\n<meta property=\"og:type\" content=\"article\" \/>\n<meta property=\"og:title\" content=\"Einrichtungen - Camping de Kleine Schorre\" \/>\n<meta property=\"og:description\" content=\"Einrichtungen Entdecke Schouwen-Duiveland vom gr\u00fcnsten Dorf Europas aus: Dreischor Die Vorteile dieses campings sind: Gro\u00dfe Stellpl\u00e4tze: Alle Stellpl\u00e4tze sind 165 m2 gro\u00df, autofrei und ausgestattet mit Anschl\u00fcssen f\u00fcr Wasser, Abwasser, Strom und Kabelfernsehen &#8220;Eigene digitale TV-Verbindung. Bringen Sie Ihren eigenen Decoder mit &#8220; Kostenloses Glas Wein Ihrer Wahl Verbindung zum Wander- und Radwegenetz. Direktes Wandern [&hellip;]\" \/>\n<meta property=\"og:url\" content=\"https:\/\/www.campingdekleineschorre.nl\/de\/camping\/\" \/>\n<meta property=\"og:site_name\" content=\"Camping de Kleine Schorre\" \/>\n<meta property=\"article:modified_time\" content=\"2021-04-14T13:47:47+00:00\" \/>\n<meta property=\"og:image\" content=\"https:\/\/www.campingdekleineschorre.nl\/app\/uploads\/camping-faciliteiten.jpg\" \/>\n\t<meta property=\"og:image:width\" content=\"2000\" \/>\n\t<meta property=\"og:image:height\" content=\"616\" \/>\n\t<meta property=\"og:image:type\" content=\"image\/jpeg\" \/>\n<meta name=\"twitter:label1\" content=\"Est. reading time\" \/>\n\t<meta name=\"twitter:data1\" content=\"1 minute\" \/>\n<script type=\"application\/ld+json\" class=\"yoast-schema-graph\">{\"@context\":\"https:\/\/schema.org\",\"@graph\":[{\"@type\":\"WebPage\",\"@id\":\"https:\/\/www.campingdekleineschorre.nl\/de\/camping\/\",\"url\":\"https:\/\/www.campingdekleineschorre.nl\/de\/camping\/\",\"name\":\"Einrichtungen - Camping de Kleine Schorre\",\"isPartOf\":{\"@id\":\"https:\/\/www.campingdekleineschorre.nl\/de\/#website\"},\"primaryImageOfPage\":{\"@id\":\"https:\/\/www.campingdekleineschorre.nl\/de\/camping\/#primaryimage\"},\"image\":{\"@id\":\"https:\/\/www.campingdekleineschorre.nl\/de\/camping\/#primaryimage\"},\"thumbnailUrl\":\"https:\/\/www.campingdekleineschorre.nl\/app\/uploads\/camping-faciliteiten.jpg\",\"datePublished\":\"2014-06-12T09:47:52+00:00\",\"dateModified\":\"2021-04-14T13:47:47+00:00\",\"breadcrumb\":{\"@id\":\"https:\/\/www.campingdekleineschorre.nl\/de\/camping\/#breadcrumb\"},\"inLanguage\":\"de-DE\",\"potentialAction\":[{\"@type\":\"ReadAction\",\"target\":[\"https:\/\/www.campingdekleineschorre.nl\/de\/camping\/\"]}]},{\"@type\":\"ImageObject\",\"inLanguage\":\"de-DE\",\"@id\":\"https:\/\/www.campingdekleineschorre.nl\/de\/camping\/#primaryimage\",\"url\":\"https:\/\/www.campingdekleineschorre.nl\/app\/uploads\/camping-faciliteiten.jpg\",\"contentUrl\":\"https:\/\/www.campingdekleineschorre.nl\/app\/uploads\/camping-faciliteiten.jpg\",\"width\":2000,\"height\":616},{\"@type\":\"BreadcrumbList\",\"@id\":\"https:\/\/www.campingdekleineschorre.nl\/de\/camping\/#breadcrumb\",\"itemListElement\":[{\"@type\":\"ListItem\",\"position\":1,\"name\":\"Home\",\"item\":\"https:\/\/www.campingdekleineschorre.nl\/de\/\"},{\"@type\":\"ListItem\",\"position\":2,\"name\":\"Einrichtungen\"}]},{\"@type\":\"WebSite\",\"@id\":\"https:\/\/www.campingdekleineschorre.nl\/de\/#website\",\"url\":\"https:\/\/www.campingdekleineschorre.nl\/de\/\",\"name\":\"Camping de Kleine Schorre\",\"description\":\"\",\"potentialAction\":[{\"@type\":\"SearchAction\",\"target\":{\"@type\":\"EntryPoint\",\"urlTemplate\":\"https:\/\/www.campingdekleineschorre.nl\/de\/?s={search_term_string}\"},\"query-input\":{\"@type\":\"PropertyValueSpecification\",\"valueRequired\":true,\"valueName\":\"search_term_string\"}}],\"inLanguage\":\"de-DE\"}]}<\/script>\n<!-- \/ Yoast SEO plugin. -->","yoast_head_json":{"title":"Einrichtungen - Camping de Kleine Schorre","robots":{"index":"index","follow":"follow","max-snippet":"max-snippet:-1","max-image-preview":"max-image-preview:large","max-video-preview":"max-video-preview:-1"},"canonical":"https:\/\/www.campingdekleineschorre.nl\/de\/camping\/","og_locale":"de_DE","og_type":"article","og_title":"Einrichtungen - Camping de Kleine Schorre","og_description":"Einrichtungen Entdecke Schouwen-Duiveland vom gr\u00fcnsten Dorf Europas aus: Dreischor Die Vorteile dieses campings sind: Gro\u00dfe Stellpl\u00e4tze: Alle Stellpl\u00e4tze sind 165 m2 gro\u00df, autofrei und ausgestattet mit Anschl\u00fcssen f\u00fcr Wasser, Abwasser, Strom und Kabelfernsehen &#8220;Eigene digitale TV-Verbindung. Bringen Sie Ihren eigenen Decoder mit &#8220; Kostenloses Glas Wein Ihrer Wahl Verbindung zum Wander- und Radwegenetz. Direktes Wandern [&hellip;]","og_url":"https:\/\/www.campingdekleineschorre.nl\/de\/camping\/","og_site_name":"Camping de Kleine Schorre","article_modified_time":"2021-04-14T13:47:47+00:00","og_image":[{"width":2000,"height":616,"url":"https:\/\/www.campingdekleineschorre.nl\/app\/uploads\/camping-faciliteiten.jpg","type":"image\/jpeg"}],"twitter_misc":{"Est. reading time":"1 minute"},"schema":{"@context":"https:\/\/schema.org","@graph":[{"@type":"WebPage","@id":"https:\/\/www.campingdekleineschorre.nl\/de\/camping\/","url":"https:\/\/www.campingdekleineschorre.nl\/de\/camping\/","name":"Einrichtungen - Camping de Kleine Schorre","isPartOf":{"@id":"https:\/\/www.campingdekleineschorre.nl\/de\/#website"},"primaryImageOfPage":{"@id":"https:\/\/www.campingdekleineschorre.nl\/de\/camping\/#primaryimage"},"image":{"@id":"https:\/\/www.campingdekleineschorre.nl\/de\/camping\/#primaryimage"},"thumbnailUrl":"https:\/\/www.campingdekleineschorre.nl\/app\/uploads\/camping-faciliteiten.jpg","datePublished":"2014-06-12T09:47:52+00:00","dateModified":"2021-04-14T13:47:47+00:00","breadcrumb":{"@id":"https:\/\/www.campingdekleineschorre.nl\/de\/camping\/#breadcrumb"},"inLanguage":"de-DE","potentialAction":[{"@type":"ReadAction","target":["https:\/\/www.campingdekleineschorre.nl\/de\/camping\/"]}]},{"@type":"ImageObject","inLanguage":"de-DE","@id":"https:\/\/www.campingdekleineschorre.nl\/de\/camping\/#primaryimage","url":"https:\/\/www.campingdekleineschorre.nl\/app\/uploads\/camping-faciliteiten.jpg","contentUrl":"https:\/\/www.campingdekleineschorre.nl\/app\/uploads\/camping-faciliteiten.jpg","width":2000,"height":616},{"@type":"BreadcrumbList","@id":"https:\/\/www.campingdekleineschorre.nl\/de\/camping\/#breadcrumb","itemListElement":[{"@type":"ListItem","position":1,"name":"Home","item":"https:\/\/www.campingdekleineschorre.nl\/de\/"},{"@type":"ListItem","position":2,"name":"Einrichtungen"}]},{"@type":"WebSite","@id":"https:\/\/www.campingdekleineschorre.nl\/de\/#website","url":"https:\/\/www.campingdekleineschorre.nl\/de\/","name":"Camping de Kleine Schorre","description":"","potentialAction":[{"@type":"SearchAction","target":{"@type":"EntryPoint","urlTemplate":"https:\/\/www.campingdekleineschorre.nl\/de\/?s={search_term_string}"},"query-input":{"@type":"PropertyValueSpecification","valueRequired":true,"valueName":"search_term_string"}}],"inLanguage":"de-DE"}]}},"_links":{"self":[{"href":"https:\/\/www.campingdekleineschorre.nl\/de\/wp-json\/wp\/v2\/pages\/147","targetHints":{"allow":["GET"]}}],"collection":[{"href":"https:\/\/www.campingdekleineschorre.nl\/de\/wp-json\/wp\/v2\/pages"}],"about":[{"href":"https:\/\/www.campingdekleineschorre.nl\/de\/wp-json\/wp\/v2\/types\/page"}],"author":[{"embeddable":true,"href":"https:\/\/www.campingdekleineschorre.nl\/de\/wp-json\/wp\/v2\/users\/2"}],"replies":[{"embeddable":true,"href":"https:\/\/www.campingdekleineschorre.nl\/de\/wp-json\/wp\/v2\/comments?post=147"}],"version-history":[{"count":11,"href":"https:\/\/www.campingdekleineschorre.nl\/de\/wp-json\/wp\/v2\/pages\/147\/revisions"}],"predecessor-version":[{"id":3527,"href":"https:\/\/www.campingdekleineschorre.nl\/de\/wp-json\/wp\/v2\/pages\/147\/revisions\/3527"}],"wp:featuredmedia":[{"embeddable":true,"href":"https:\/\/www.campingdekleineschorre.nl\/de\/wp-json\/wp\/v2\/media\/3466"}],"wp:attachment":[{"href":"https:\/\/www.campingdekleineschorre.nl\/de\/wp-json\/wp\/v2\/media?parent=147"}],"curies":[{"name":"wp","href":"https:\/\/api.w.org\/{rel}","templated":true}]}}